{"id":20513,"date":"2025-05-10T19:12:23","date_gmt":"2025-05-10T12:12:23","guid":{"rendered":"https:\/\/maillotsthailand.com\/?post_type=product&#038;p=20513"},"modified":"2025-08-21T16:55:37","modified_gmt":"2025-08-21T09:55:37","slug":"maillots-thailande-mlt-maillots-toto-7-limited-edition-noir-copy","status":"publish","type":"product","link":"https:\/\/maillotsthailand.com\/en\/product\/maillots-thailande-mlt-maillots-toto-7-limited-edition-noir-copy\/","title":{"rendered":"Maillots thailande Mlt Maillots TOTO# 7 Limited Edition (Rose)"},"content":{"rendered":"<div id=\"tab-description\" class=\"woocommerce-Tabs-panel woocommerce-Tabs-panel--description panel entry-content active\" role=\"tabpanel\" aria-labelledby=\"tab-title-description\">\n<div id=\"tab-description\" class=\"woocommerce-Tabs-panel woocommerce-Tabs-panel--description panel entry-content active\" role=\"tabpanel\" aria-labelledby=\"tab-title-description\">\n<div id=\"tab-description\" class=\"woocommerce-Tabs-panel woocommerce-Tabs-panel--description panel entry-content active\" role=\"tabpanel\" aria-labelledby=\"tab-title-description\">\n<div id=\"tab-description\" class=\"woocommerce-Tabs-panel woocommerce-Tabs-panel--description panel entry-content active\" role=\"tabpanel\" aria-labelledby=\"tab-title-description\">\n<div id=\"tab-description\" class=\"woocommerce-Tabs-panel woocommerce-Tabs-panel--description panel entry-content active\" role=\"tabpanel\" aria-labelledby=\"tab-title-description\">\n<div id=\"tab-description\" class=\"woocommerce-Tabs-panel woocommerce-Tabs-panel--description panel entry-content active\" role=\"tabpanel\" aria-labelledby=\"tab-title-description\">\n<div id=\"tab-description\" class=\"woocommerce-Tabs-panel woocommerce-Tabs-panel--description panel entry-content active\" role=\"tabpanel\" aria-labelledby=\"tab-title-description\">\n<div id=\"tab-description\" class=\"woocommerce-Tabs-panel woocommerce-Tabs-panel--description panel entry-content active\" role=\"tabpanel\" aria-labelledby=\"tab-title-description\">\n<div id=\"tab-description\" class=\"woocommerce-Tabs-panel woocommerce-Tabs-panel--description panel entry-content active\" role=\"tabpanel\" aria-labelledby=\"tab-title-description\">\n<div id=\"tab-description\" class=\"woocommerce-Tabs-panel woocommerce-Tabs-panel--description panel entry-content active\" role=\"tabpanel\" aria-labelledby=\"tab-title-description\">\n<div id=\"tab-description\" class=\"woocommerce-Tabs-panel woocommerce-Tabs-panel--description panel entry-content active\" role=\"tabpanel\" aria-labelledby=\"tab-title-description\">\n<div id=\"tab-description\" class=\"woocommerce-Tabs-panel woocommerce-Tabs-panel--description panel entry-content active\" role=\"tabpanel\" aria-labelledby=\"tab-title-description\">\n<div id=\"tab-description\" class=\"woocommerce-Tabs-panel woocommerce-Tabs-panel--description panel entry-content active\" role=\"tabpanel\" aria-labelledby=\"tab-title-description\">\n<div id=\"tab-description\" class=\"woocommerce-Tabs-panel woocommerce-Tabs-panel--description panel entry-content active\" role=\"tabpanel\" aria-labelledby=\"tab-title-description\">\n<div id=\"tab-description\" class=\"woocommerce-Tabs-panel woocommerce-Tabs-panel--description panel entry-content active\" role=\"tabpanel\" aria-labelledby=\"tab-title-description\">\n<div id=\"tab-description\" class=\"woocommerce-Tabs-panel woocommerce-Tabs-panel--description panel entry-content active\" role=\"tabpanel\" aria-labelledby=\"tab-title-description\">\n<div id=\"tab-description\" class=\"woocommerce-Tabs-panel woocommerce-Tabs-panel--description panel entry-content active\" role=\"tabpanel\" aria-labelledby=\"tab-title-description\">\n<p><strong>Description<\/strong><br \/>\nMaillots thailande\u00a0 #totoetninetta<br \/>\nLe Maillots thailande . est un incontournable pour les fans de football et les amateurs de mode sportive. Ce maillot tendance et \u00e9l\u00e9gant offre un confort optimal et une qualit\u00e9 sup\u00e9rieure, pour une durabilit\u00e9 \u00e0 toute \u00e9preuve.<br \/>\n<strong>Information utiles :<\/strong><br \/>\nPersonnalisation gratuite : ajoutez votre nom, num\u00e9ro et \/sponsor \/ patch de votre choix.<br \/>\nCoupe ajust\u00e9e pour une aisance de mouvement parfaite.<br \/>\nLarge choix de sponsors tels que Yamaha, Red Bull, KTM ou JUL.QLF<br \/>\nMaillot officiel Maillosthailand 100% polyester, garantissant qualit\u00e9 et authenticit\u00e9.<br \/>\nLavage en machine \u00e0 30\u00b0 \u00e0 l\u2019envers pour pr\u00e9server la qualit\u00e9 du flocage et des logos.<br \/>\n<strong>s\u00e9lection de taille<\/strong><br \/>\nLa taille sera la taille normale pour l\u2019Asie. Si vous \u00eates plus gros,<br \/>\nvous devez ajouter une taille de plus, et par rapport \u00e0 la taille europ\u00e9enne, la taille asiatique est l\u00e9g\u00e8rement plus petite.<\/p>\n<p>S-Tour de poitrine 36 pouces, longueur 26 pouces<\/p>\n<p>M-Tour de poitrine 38 pouces, longueur 27 pouces<\/p>\n<p>L-Tour de poitrine 40 pouces, longueur 28 pouces<\/p>\n<p>XL-Tour de poitrine 42 pouces, longueur 29 pouces<\/p>\n<p>XXL-Tour de poitrine 44 pouces, longueur 30 pouces<\/p>\n<p><strong>important<\/strong><br \/>\nN\u2019oubliez pas de choisir la couleur du nom, du num\u00e9ro et des sponsors.<br \/>\n(Si vous ne choisissez pas, nous vous enverrons en cons\u00e9quence comme l\u2019image principale)<\/p>\n<\/div>\n<\/div>\n<\/div>\n<\/div>\n<\/div>\n<\/div>\n<\/div>\n<\/div>\n<\/div>\n<\/div>\n<\/div>\n<\/div>\n<\/div>\n<\/div>\n<\/div>\n<\/div>\n<\/div>\n","protected":false},"excerpt":{"rendered":"<p>Description Maillots thailande\u00a0 #totoetninetta Le Maillots thailande . est un incontournable pour les fans de football et les amateurs de mode sportive. Ce maillot tendance et \u00e9l\u00e9gant offre un confort optimal et une qualit\u00e9 sup\u00e9rieure, pour une durabilit\u00e9 \u00e0 toute \u00e9preuve. Information utiles : Personnalisation gratuite : ajoutez votre nom, num\u00e9ro et \/sponsor \/ patch [&#8230;]\n","protected":false},"featured_media":22470,"template":"","meta":{"inline_featured_image":false},"product_brand":[],"product_cat":[154],"product_tag":[],"class_list":{"0":"post-20513","1":"product","2":"type-product","3":"status-publish","4":"has-post-thumbnail","6":"product_cat-toto-et-ninetta-en","8":"first","9":"instock","10":"shipping-taxable","11":"purchasable","12":"product-type-variable"},"_links":{"self":[{"href":"https:\/\/maillotsthailand.com\/en\/wp-json\/wp\/v2\/product\/20513","targetHints":{"allow":["GET"]}}],"collection":[{"href":"https:\/\/maillotsthailand.com\/en\/wp-json\/wp\/v2\/product"}],"about":[{"href":"https:\/\/maillotsthailand.com\/en\/wp-json\/wp\/v2\/types\/product"}],"wp:featuredmedia":[{"embeddable":true,"href":"https:\/\/maillotsthailand.com\/en\/wp-json\/wp\/v2\/media\/22470"}],"wp:attachment":[{"href":"https:\/\/maillotsthailand.com\/en\/wp-json\/wp\/v2\/media?parent=20513"}],"wp:term":[{"taxonomy":"product_brand","embeddable":true,"href":"https:\/\/maillotsthailand.com\/en\/wp-json\/wp\/v2\/product_brand?post=20513"},{"taxonomy":"product_cat","embeddable":true,"href":"https:\/\/maillotsthailand.com\/en\/wp-json\/wp\/v2\/product_cat?post=20513"},{"taxonomy":"product_tag","embeddable":true,"href":"https:\/\/maillotsthailand.com\/en\/wp-json\/wp\/v2\/product_tag?post=20513"}],"curies":[{"name":"wp","href":"https:\/\/api.w.org\/{rel}","templated":true}]}}