{"id":15432,"date":"2024-07-14T06:44:20","date_gmt":"2024-07-13T23:44:20","guid":{"rendered":"https:\/\/maillotsthailand.com\/?post_type=product&#038;p=15432"},"modified":"2025-05-02T01:27:27","modified_gmt":"2025-05-01T18:27:27","slug":"maillots-thailande-90minute-mm9-maillots-jul-et-full-sponsor-noir-copy","status":"publish","type":"product","link":"https:\/\/maillotsthailand.com\/en\/product\/maillots-thailande-90minute-mm9-maillots-jul-et-full-sponsor-noir-copy\/","title":{"rendered":"Maillots thailande 90Minute MM9 Maillots JUL ET Full Sponsor (Bleu Sky)"},"content":{"rendered":"<p><strong>Description<\/strong><br \/>\nMaillot thailande 90Minute MM9<br \/>\nLe Maillots thailande 90Minute MM9 est un incontournable pour les fans de football et les amateurs de mode sportive. Ce maillot tendance et \u00e9l\u00e9gant offre un confort optimal et une qualit\u00e9 sup\u00e9rieure, pour une durabilit\u00e9 \u00e0 toute \u00e9preuve.<br \/>\n<strong>Information utiles :<\/strong><br \/>\nPersonnalisation gratuite : ajoutez votre nom, num\u00e9ro et \/sponsor \/ patch de votre choix.<br \/>\nCoupe ajust\u00e9e pour une aisance de mouvement parfaite.<br \/>\nLarge choix de sponsors tels que Yamaha, Red Bull, KTM ou JUL.<br \/>\nMaillots thailand officiel 100% polyester, garantissant qualit\u00e9 et authenticit\u00e9.<br \/>\nLavage en machine \u00e0 30\u00b0 \u00e0 l\u2019envers pour pr\u00e9server la qualit\u00e9 du flocage et des logos.<br \/>\n<strong>s\u00e9lection de taille<\/strong><br \/>\nLa taille sera la taille normale pour l\u2019Asie. Si vous \u00eates plus gros,<br \/>\nvous devez ajouter une taille de plus, et par rapport \u00e0 la taille europ\u00e9enne, la taille asiatique est l\u00e9g\u00e8rement plus petite.<\/p>\n","protected":false},"excerpt":{"rendered":"<p>Description Maillot thailande 90Minute MM9 Le Maillots thailande 90Minute MM9 est un incontournable pour les fans de football et les amateurs de mode sportive. Ce maillot tendance et \u00e9l\u00e9gant offre un confort optimal et une qualit\u00e9 sup\u00e9rieure, pour une durabilit\u00e9 \u00e0 toute \u00e9preuve. Information utiles : Personnalisation gratuite : ajoutez votre nom, num\u00e9ro et \/sponsor [&#8230;]\n","protected":false},"featured_media":16798,"template":"","meta":{"inline_featured_image":false},"product_brand":[],"product_cat":[83],"product_tag":[],"class_list":{"0":"post-15432","1":"product","2":"type-product","3":"status-publish","4":"has-post-thumbnail","6":"product_cat-maillot-full-sponsor","8":"first","9":"instock","10":"shipping-taxable","11":"purchasable","12":"product-type-variable"},"_links":{"self":[{"href":"https:\/\/maillotsthailand.com\/en\/wp-json\/wp\/v2\/product\/15432","targetHints":{"allow":["GET"]}}],"collection":[{"href":"https:\/\/maillotsthailand.com\/en\/wp-json\/wp\/v2\/product"}],"about":[{"href":"https:\/\/maillotsthailand.com\/en\/wp-json\/wp\/v2\/types\/product"}],"wp:featuredmedia":[{"embeddable":true,"href":"https:\/\/maillotsthailand.com\/en\/wp-json\/wp\/v2\/media\/16798"}],"wp:attachment":[{"href":"https:\/\/maillotsthailand.com\/en\/wp-json\/wp\/v2\/media?parent=15432"}],"wp:term":[{"taxonomy":"product_brand","embeddable":true,"href":"https:\/\/maillotsthailand.com\/en\/wp-json\/wp\/v2\/product_brand?post=15432"},{"taxonomy":"product_cat","embeddable":true,"href":"https:\/\/maillotsthailand.com\/en\/wp-json\/wp\/v2\/product_cat?post=15432"},{"taxonomy":"product_tag","embeddable":true,"href":"https:\/\/maillotsthailand.com\/en\/wp-json\/wp\/v2\/product_tag?post=15432"}],"curies":[{"name":"wp","href":"https:\/\/api.w.org\/{rel}","templated":true}]}}